{"id":13,"date":"2025-05-12T23:44:20","date_gmt":"2025-05-12T20:44:20","guid":{"rendered":"https:\/\/aspava.yahsimedya.com\/?page_id=13"},"modified":"2025-05-13T15:37:11","modified_gmt":"2025-05-13T12:37:11","slug":"sepet","status":"publish","type":"page","link":"https:\/\/aspava.yahsimedya.com\/?page_id=13","title":{"rendered":"Sepet"},"content":{"rendered":"\n<div data-block-name=\"woocommerce\/cart\" class=\"wp-block-woocommerce-cart alignwide is-loading\">\n<div data-block-name=\"woocommerce\/filled-cart-block\" class=\"wp-block-woocommerce-filled-cart-block\">\n<div data-block-name=\"woocommerce\/cart-items-block\" class=\"wp-block-woocommerce-cart-items-block\">\n<div data-block-name=\"woocommerce\/cart-line-items-block\" class=\"wp-block-woocommerce-cart-line-items-block\"><\/div>\n\n\n\n<div data-block-name=\"woocommerce\/cart-cross-sells-block\" class=\"wp-block-woocommerce-cart-cross-sells-block\">\n<h2 class=\"wp-block-heading has-large-font-size\">\u0130lginizi \u00e7ekebilir\u2026<\/h2>\n\n\n\n<div data-block-name=\"woocommerce\/cart-cross-sells-products-block\" class=\"wp-block-woocommerce-cart-cross-sells-products-block\"><\/div>\n<\/div>\n<\/div>\n\n\n\n<div data-block-name=\"woocommerce\/cart-totals-block\" class=\"wp-block-woocommerce-cart-totals-block\">\n<div data-block-name=\"woocommerce\/cart-order-summary-block\" class=\"wp-block-woocommerce-cart-order-summary-block\">\n<div data-block-name=\"woocommerce\/cart-order-summary-heading-block\" class=\"wp-block-woocommerce-cart-order-summary-heading-block\"><\/div><div data-block-name=\"woocommerce\/cart-order-summary-coupon-form-block\" class=\"wp-block-woocommerce-cart-order-summary-coupon-form-block\"><\/div><div data-block-name=\"woocommerce\/cart-order-summary-totals-block\" class=\"wp-block-woocommerce-cart-order-summary-totals-block\">\n<div data-block-name=\"woocommerce\/cart-order-summary-subtotal-block\" class=\"wp-block-woocommerce-cart-order-summary-subtotal-block\"><\/div>\n<div data-block-name=\"woocommerce\/cart-order-summary-discount-block\" class=\"wp-block-woocommerce-cart-order-summary-discount-block\"><\/div>\n<div data-block-name=\"woocommerce\/cart-order-summary-fee-block\" class=\"wp-block-woocommerce-cart-order-summary-fee-block\"><\/div>\n<div data-block-name=\"woocommerce\/cart-order-summary-shipping-block\" class=\"wp-block-woocommerce-cart-order-summary-shipping-block\"><\/div>\n<div data-block-name=\"woocommerce\/cart-order-summary-taxes-block\" class=\"wp-block-woocommerce-cart-order-summary-taxes-block\"><\/div><\/div>\n<\/div>\n\n\n\n<div data-block-name=\"woocommerce\/cart-express-payment-block\" class=\"wp-block-woocommerce-cart-express-payment-block\"><\/div>\n\n\n\n<div data-block-name=\"woocommerce\/proceed-to-checkout-block\" class=\"wp-block-woocommerce-proceed-to-checkout-block\"><\/div>\n\n\n\n<div data-block-name=\"woocommerce\/cart-accepted-payment-methods-block\" class=\"wp-block-woocommerce-cart-accepted-payment-methods-block\"><\/div>\n<\/div>\n<\/div>\n\n\n\n<div data-block-name=\"woocommerce\/empty-cart-block\" class=\"wp-block-woocommerce-empty-cart-block\">\n<h2 class=\"wp-block-heading has-text-align-center with-empty-cart-icon wc-block-cart__empty-cart__title\">Sepetiniz \u015fu anda bo\u015f!<\/h2>\n\n\n\n<hr class=\"wp-block-separator has-alpha-channel-opacity is-style-dots\"\/>\n\n\n\n<h2 class=\"wp-block-heading has-text-align-center\">Ma\u011fazada yeni<\/h2>\n\n\n<div data-block-name=\"woocommerce\/product-new\" data-columns=\"4\" data-rows=\"1\" class=\"wc-block-grid wp-block-product-new wp-block-woocommerce-product-new wc-block-product-new has-4-columns\"><ul class=\"wc-block-grid__products\"><li class=\"wc-block-grid__product\">\n\t\t\t\t<a href=\"https:\/\/aspava.yahsimedya.com\/?product=lahmacun-2\" class=\"wc-block-grid__product-link\">\n\t\t\t\t\t\n\t\t\t\t\t<div class=\"wc-block-grid__product-image\"><img fetchpriority=\"high\" decoding=\"async\" width=\"300\" height=\"300\" src=\"https:\/\/aspava.yahsimedya.com\/wp-content\/uploads\/2025\/05\/Lahmacun-300x300.jpg\" class=\"attachment-woocommerce_thumbnail size-woocommerce_thumbnail\" alt=\"Lahmacun\" srcset=\"https:\/\/aspava.yahsimedya.com\/wp-content\/uploads\/2025\/05\/Lahmacun-300x300.jpg 300w, https:\/\/aspava.yahsimedya.com\/wp-content\/uploads\/2025\/05\/Lahmacun-150x150.jpg 150w, https:\/\/aspava.yahsimedya.com\/wp-content\/uploads\/2025\/05\/Lahmacun-100x100.jpg 100w\" sizes=\"(max-width: 300px) 100vw, 300px\" \/><\/div>\n\t\t\t\t\t<div class=\"wc-block-grid__product-title\">Lahmacun<\/div>\n\t\t\t\t<\/a>\n\t\t\t\t<div class=\"wc-block-grid__product-price price\"><span class=\"woocommerce-Price-amount amount\"><span class=\"woocommerce-Price-currencySymbol\">&#8378;<\/span>400,00<\/span><\/div>\n\t\t\t\t\n\t\t\t\t<div class=\"wp-block-button wc-block-grid__product-add-to-cart\"><a href=\"\/index.php?rest_route=%2Fwp%2Fv2%2Fpages%2F13&#038;add-to-cart=595\" aria-label=\"Sepete ekle: \u201cLahmacun\u201d\" data-quantity=\"1\" data-product_id=\"595\" data-product_sku=\"\" data-price=\"400\" rel=\"nofollow\" class=\"wp-block-button__link  add_to_cart_button ajax_add_to_cart\">Sepete Ekle<\/a><\/div>\n\t\t\t<\/li><li class=\"wc-block-grid__product\">\n\t\t\t\t<a href=\"https:\/\/aspava.yahsimedya.com\/?product=kusbasili-kasarli-pide-2\" class=\"wc-block-grid__product-link\">\n\t\t\t\t\t\n\t\t\t\t\t<div class=\"wc-block-grid__product-image\"><img decoding=\"async\" width=\"300\" height=\"300\" src=\"https:\/\/aspava.yahsimedya.com\/wp-content\/uploads\/2025\/05\/Pide-kusbasilikasarli-300x300.jpg\" class=\"attachment-woocommerce_thumbnail size-woocommerce_thumbnail\" alt=\"Ku\u015fba\u015f\u0131l\u0131-Ka\u015farl\u0131 Pide\" srcset=\"https:\/\/aspava.yahsimedya.com\/wp-content\/uploads\/2025\/05\/Pide-kusbasilikasarli-300x300.jpg 300w, https:\/\/aspava.yahsimedya.com\/wp-content\/uploads\/2025\/05\/Pide-kusbasilikasarli-150x150.jpg 150w, https:\/\/aspava.yahsimedya.com\/wp-content\/uploads\/2025\/05\/Pide-kusbasilikasarli-100x100.jpg 100w\" sizes=\"(max-width: 300px) 100vw, 300px\" \/><\/div>\n\t\t\t\t\t<div class=\"wc-block-grid__product-title\">Ku\u015fba\u015f\u0131l\u0131-Ka\u015farl\u0131 Pide<\/div>\n\t\t\t\t<\/a>\n\t\t\t\t<div class=\"wc-block-grid__product-price price\"><span class=\"woocommerce-Price-amount amount\"><span class=\"woocommerce-Price-currencySymbol\">&#8378;<\/span>650,00<\/span><\/div>\n\t\t\t\t\n\t\t\t\t<div class=\"wp-block-button wc-block-grid__product-add-to-cart\"><a href=\"\/index.php?rest_route=%2Fwp%2Fv2%2Fpages%2F13&#038;add-to-cart=594\" aria-label=\"Sepete ekle: \u201cKu\u015fba\u015f\u0131l\u0131-Ka\u015farl\u0131 Pide\u201d\" data-quantity=\"1\" data-product_id=\"594\" data-product_sku=\"\" data-price=\"650\" rel=\"nofollow\" class=\"wp-block-button__link  add_to_cart_button ajax_add_to_cart\">Sepete Ekle<\/a><\/div>\n\t\t\t<\/li><li class=\"wc-block-grid__product\">\n\t\t\t\t<a href=\"https:\/\/aspava.yahsimedya.com\/?product=kasarli-pide-2\" class=\"wc-block-grid__product-link\">\n\t\t\t\t\t\n\t\t\t\t\t<div class=\"wc-block-grid__product-image\"><img decoding=\"async\" width=\"300\" height=\"300\" src=\"https:\/\/aspava.yahsimedya.com\/wp-content\/uploads\/2025\/05\/Pide-kasarli-300x300.jpg\" class=\"attachment-woocommerce_thumbnail size-woocommerce_thumbnail\" alt=\"Ka\u015farl\u0131 Pide\" srcset=\"https:\/\/aspava.yahsimedya.com\/wp-content\/uploads\/2025\/05\/Pide-kasarli-300x300.jpg 300w, https:\/\/aspava.yahsimedya.com\/wp-content\/uploads\/2025\/05\/Pide-kasarli-150x150.jpg 150w, https:\/\/aspava.yahsimedya.com\/wp-content\/uploads\/2025\/05\/Pide-kasarli-100x100.jpg 100w\" sizes=\"(max-width: 300px) 100vw, 300px\" \/><\/div>\n\t\t\t\t\t<div class=\"wc-block-grid__product-title\">Ka\u015farl\u0131 Pide<\/div>\n\t\t\t\t<\/a>\n\t\t\t\t<div class=\"wc-block-grid__product-price price\"><span class=\"woocommerce-Price-amount amount\"><span class=\"woocommerce-Price-currencySymbol\">&#8378;<\/span>600,00<\/span><\/div>\n\t\t\t\t\n\t\t\t\t<div class=\"wp-block-button wc-block-grid__product-add-to-cart\"><a href=\"\/index.php?rest_route=%2Fwp%2Fv2%2Fpages%2F13&#038;add-to-cart=593\" aria-label=\"Sepete ekle: \u201cKa\u015farl\u0131 Pide\u201d\" data-quantity=\"1\" data-product_id=\"593\" data-product_sku=\"\" data-price=\"600\" rel=\"nofollow\" class=\"wp-block-button__link  add_to_cart_button ajax_add_to_cart\">Sepete Ekle<\/a><\/div>\n\t\t\t<\/li><li class=\"wc-block-grid__product\">\n\t\t\t\t<a href=\"https:\/\/aspava.yahsimedya.com\/?product=kiymali-kasarli-pide-2\" class=\"wc-block-grid__product-link\">\n\t\t\t\t\t\n\t\t\t\t\t<div class=\"wc-block-grid__product-image\"><img loading=\"lazy\" decoding=\"async\" width=\"300\" height=\"300\" src=\"https:\/\/aspava.yahsimedya.com\/wp-content\/uploads\/2025\/05\/Pide-Kiymalikasarli-300x300.jpg\" class=\"attachment-woocommerce_thumbnail size-woocommerce_thumbnail\" alt=\"K\u0131ymal\u0131-Ka\u015farl\u0131 Pide\" srcset=\"https:\/\/aspava.yahsimedya.com\/wp-content\/uploads\/2025\/05\/Pide-Kiymalikasarli-300x300.jpg 300w, https:\/\/aspava.yahsimedya.com\/wp-content\/uploads\/2025\/05\/Pide-Kiymalikasarli-150x150.jpg 150w, https:\/\/aspava.yahsimedya.com\/wp-content\/uploads\/2025\/05\/Pide-Kiymalikasarli-100x100.jpg 100w\" sizes=\"(max-width: 300px) 100vw, 300px\" \/><\/div>\n\t\t\t\t\t<div class=\"wc-block-grid__product-title\">K\u0131ymal\u0131-Ka\u015farl\u0131 Pide<\/div>\n\t\t\t\t<\/a>\n\t\t\t\t<div class=\"wc-block-grid__product-price price\"><span class=\"woocommerce-Price-amount amount\"><span class=\"woocommerce-Price-currencySymbol\">&#8378;<\/span>550,00<\/span><\/div>\n\t\t\t\t\n\t\t\t\t<div class=\"wp-block-button wc-block-grid__product-add-to-cart\"><a href=\"\/index.php?rest_route=%2Fwp%2Fv2%2Fpages%2F13&#038;add-to-cart=592\" aria-label=\"Sepete ekle: \u201cK\u0131ymal\u0131-Ka\u015farl\u0131 Pide\u201d\" data-quantity=\"1\" data-product_id=\"592\" data-product_sku=\"\" data-price=\"550\" rel=\"nofollow\" class=\"wp-block-button__link  add_to_cart_button ajax_add_to_cart\">Sepete Ekle<\/a><\/div>\n\t\t\t<\/li><\/ul><\/div><\/div>\n<\/div>\n","protected":false},"excerpt":{"rendered":"","protected":false},"author":1,"featured_media":0,"parent":0,"menu_order":0,"comment_status":"closed","ping_status":"closed","template":"","meta":{"footnotes":""},"class_list":["post-13","page","type-page","status-publish","hentry"],"_links":{"self":[{"href":"https:\/\/aspava.yahsimedya.com\/index.php?rest_route=\/wp\/v2\/pages\/13","targetHints":{"allow":["GET"]}}],"collection":[{"href":"https:\/\/aspava.yahsimedya.com\/index.php?rest_route=\/wp\/v2\/pages"}],"about":[{"href":"https:\/\/aspava.yahsimedya.com\/index.php?rest_route=\/wp\/v2\/types\/page"}],"author":[{"embeddable":true,"href":"https:\/\/aspava.yahsimedya.com\/index.php?rest_route=\/wp\/v2\/users\/1"}],"replies":[{"embeddable":true,"href":"https:\/\/aspava.yahsimedya.com\/index.php?rest_route=%2Fwp%2Fv2%2Fcomments&post=13"}],"version-history":[{"count":1,"href":"https:\/\/aspava.yahsimedya.com\/index.php?rest_route=\/wp\/v2\/pages\/13\/revisions"}],"predecessor-version":[{"id":17,"href":"https:\/\/aspava.yahsimedya.com\/index.php?rest_route=\/wp\/v2\/pages\/13\/revisions\/17"}],"wp:attachment":[{"href":"https:\/\/aspava.yahsimedya.com\/index.php?rest_route=%2Fwp%2Fv2%2Fmedia&parent=13"}],"curies":[{"name":"wp","href":"https:\/\/api.w.org\/{rel}","templated":true}]}}