{"id":134,"date":"2025-05-13T12:32:11","date_gmt":"2025-05-13T09:32:11","guid":{"rendered":"https:\/\/aspava.yahsimedya.com\/?post_type=product&#038;p=134"},"modified":"2026-03-25T11:02:23","modified_gmt":"2026-03-25T08:02:23","slug":"et-doner-durum","status":"publish","type":"product","link":"https:\/\/aspava.yahsimedya.com\/?product=et-doner-durum","title":{"rendered":"Et D\u00f6ner D\u00fcr\u00fcm"},"content":{"rendered":"","protected":false},"excerpt":{"rendered":"","protected":false},"featured_media":135,"comment_status":"open","ping_status":"closed","template":"","meta":[],"product_brand":[],"product_cat":[25],"product_tag":[],"class_list":{"0":"post-134","1":"product","2":"type-product","3":"status-publish","4":"has-post-thumbnail","6":"product_cat-donerler","8":"first","9":"instock","10":"shipping-taxable","11":"purchasable","12":"product-type-simple"},"_links":{"self":[{"href":"https:\/\/aspava.yahsimedya.com\/index.php?rest_route=\/wp\/v2\/product\/134","targetHints":{"allow":["GET"]}}],"collection":[{"href":"https:\/\/aspava.yahsimedya.com\/index.php?rest_route=\/wp\/v2\/product"}],"about":[{"href":"https:\/\/aspava.yahsimedya.com\/index.php?rest_route=\/wp\/v2\/types\/product"}],"replies":[{"embeddable":true,"href":"https:\/\/aspava.yahsimedya.com\/index.php?rest_route=%2Fwp%2Fv2%2Fcomments&post=134"}],"wp:featuredmedia":[{"embeddable":true,"href":"https:\/\/aspava.yahsimedya.com\/index.php?rest_route=\/wp\/v2\/media\/135"}],"wp:attachment":[{"href":"https:\/\/aspava.yahsimedya.com\/index.php?rest_route=%2Fwp%2Fv2%2Fmedia&parent=134"}],"wp:term":[{"taxonomy":"product_brand","embeddable":true,"href":"https:\/\/aspava.yahsimedya.com\/index.php?rest_route=%2Fwp%2Fv2%2Fproduct_brand&post=134"},{"taxonomy":"product_cat","embeddable":true,"href":"https:\/\/aspava.yahsimedya.com\/index.php?rest_route=%2Fwp%2Fv2%2Fproduct_cat&post=134"},{"taxonomy":"product_tag","embeddable":true,"href":"https:\/\/aspava.yahsimedya.com\/index.php?rest_route=%2Fwp%2Fv2%2Fproduct_tag&post=134"}],"curies":[{"name":"wp","href":"https:\/\/api.w.org\/{rel}","templated":true}]}}