{"id":181,"date":"2025-05-13T14:08:40","date_gmt":"2025-05-13T11:08:40","guid":{"rendered":"https:\/\/aspava.yahsimedya.com\/?post_type=product&#038;p=181"},"modified":"2026-03-25T11:16:55","modified_gmt":"2026-03-25T08:16:55","slug":"kusbasili-pide","status":"publish","type":"product","link":"https:\/\/aspava.yahsimedya.com\/?product=kusbasili-pide","title":{"rendered":"Ku\u015fba\u015f\u0131l\u0131 Pide"},"content":{"rendered":"","protected":false},"excerpt":{"rendered":"","protected":false},"featured_media":182,"comment_status":"open","ping_status":"closed","template":"","meta":[],"product_brand":[],"product_cat":[27],"product_tag":[],"class_list":{"0":"post-181","1":"product","2":"type-product","3":"status-publish","4":"has-post-thumbnail","6":"product_cat-pideler","8":"first","9":"instock","10":"shipping-taxable","11":"purchasable","12":"product-type-simple"},"_links":{"self":[{"href":"https:\/\/aspava.yahsimedya.com\/index.php?rest_route=\/wp\/v2\/product\/181","targetHints":{"allow":["GET"]}}],"collection":[{"href":"https:\/\/aspava.yahsimedya.com\/index.php?rest_route=\/wp\/v2\/product"}],"about":[{"href":"https:\/\/aspava.yahsimedya.com\/index.php?rest_route=\/wp\/v2\/types\/product"}],"replies":[{"embeddable":true,"href":"https:\/\/aspava.yahsimedya.com\/index.php?rest_route=%2Fwp%2Fv2%2Fcomments&post=181"}],"wp:featuredmedia":[{"embeddable":true,"href":"https:\/\/aspava.yahsimedya.com\/index.php?rest_route=\/wp\/v2\/media\/182"}],"wp:attachment":[{"href":"https:\/\/aspava.yahsimedya.com\/index.php?rest_route=%2Fwp%2Fv2%2Fmedia&parent=181"}],"wp:term":[{"taxonomy":"product_brand","embeddable":true,"href":"https:\/\/aspava.yahsimedya.com\/index.php?rest_route=%2Fwp%2Fv2%2Fproduct_brand&post=181"},{"taxonomy":"product_cat","embeddable":true,"href":"https:\/\/aspava.yahsimedya.com\/index.php?rest_route=%2Fwp%2Fv2%2Fproduct_cat&post=181"},{"taxonomy":"product_tag","embeddable":true,"href":"https:\/\/aspava.yahsimedya.com\/index.php?rest_route=%2Fwp%2Fv2%2Fproduct_tag&post=181"}],"curies":[{"name":"wp","href":"https:\/\/api.w.org\/{rel}","templated":true}]}}