{"id":579,"date":"2026-03-25T11:26:56","date_gmt":"2026-03-25T08:26:56","guid":{"rendered":"https:\/\/aspava.yahsimedya.com\/?post_type=product&#038;p=579"},"modified":"2026-03-25T11:27:38","modified_gmt":"2026-03-25T08:27:38","slug":"pilav-ustu-doner","status":"publish","type":"product","link":"https:\/\/aspava.yahsimedya.com\/?product=pilav-ustu-doner","title":{"rendered":"Pilav \u00dcst\u00fc D\u00f6ner"},"content":{"rendered":"","protected":false},"excerpt":{"rendered":"","protected":false},"featured_media":580,"comment_status":"open","ping_status":"closed","template":"","meta":[],"product_brand":[],"product_cat":[25],"product_tag":[],"class_list":{"0":"post-579","1":"product","2":"type-product","3":"status-publish","4":"has-post-thumbnail","6":"product_cat-donerler","8":"first","9":"instock","10":"shipping-taxable","11":"purchasable","12":"product-type-simple"},"_links":{"self":[{"href":"https:\/\/aspava.yahsimedya.com\/index.php?rest_route=\/wp\/v2\/product\/579","targetHints":{"allow":["GET"]}}],"collection":[{"href":"https:\/\/aspava.yahsimedya.com\/index.php?rest_route=\/wp\/v2\/product"}],"about":[{"href":"https:\/\/aspava.yahsimedya.com\/index.php?rest_route=\/wp\/v2\/types\/product"}],"replies":[{"embeddable":true,"href":"https:\/\/aspava.yahsimedya.com\/index.php?rest_route=%2Fwp%2Fv2%2Fcomments&post=579"}],"wp:featuredmedia":[{"embeddable":true,"href":"https:\/\/aspava.yahsimedya.com\/index.php?rest_route=\/wp\/v2\/media\/580"}],"wp:attachment":[{"href":"https:\/\/aspava.yahsimedya.com\/index.php?rest_route=%2Fwp%2Fv2%2Fmedia&parent=579"}],"wp:term":[{"taxonomy":"product_brand","embeddable":true,"href":"https:\/\/aspava.yahsimedya.com\/index.php?rest_route=%2Fwp%2Fv2%2Fproduct_brand&post=579"},{"taxonomy":"product_cat","embeddable":true,"href":"https:\/\/aspava.yahsimedya.com\/index.php?rest_route=%2Fwp%2Fv2%2Fproduct_cat&post=579"},{"taxonomy":"product_tag","embeddable":true,"href":"https:\/\/aspava.yahsimedya.com\/index.php?rest_route=%2Fwp%2Fv2%2Fproduct_tag&post=579"}],"curies":[{"name":"wp","href":"https:\/\/api.w.org\/{rel}","templated":true}]}}